{"id":63,"date":"2022-03-25T12:08:00","date_gmt":"2022-03-25T12:08:00","guid":{"rendered":"https:\/\/reimund.pressler-online.de\/index.php\/unvergessen-2\/"},"modified":"2022-03-30T23:08:34","modified_gmt":"2022-03-30T22:08:34","slug":"unvergessen","status":"publish","type":"page","link":"https:\/\/reimund.pressler-online.de\/","title":{"rendered":"Unvergessen"},"content":{"rendered":"<p>Unvergessen<\/p>\n<p>* 29.11.1937 \u2020 24.03.2022<\/p>\n<p>Erinnerungen<br \/>\nStationen eines Lebens<br \/>\nDieser Abschnitt wird mit der Zeit mit Bildern und Erinnerungen erg\u00e4nzt.<\/p>\n<p><a href=\"\"><\/p>\n<p><img decoding=\"async\" src=\"https:\/\/reimund.pressler-online.de\/wp-content\/uploads\/2022\/03\/Reimund_Edgar_erstes_Bild_gallery.jpg\" \/><\/p>\n<p>Erstes Foto<br \/>\nDas erste Foto von Reimund und Edgar<\/p>\n<p><\/a><br \/>\n\t\t\t\t\t\tErstes Foto<\/p>\n<p>Beschreibung<\/p>\n<p>Das ist das fr\u00fcheste Foto von Reimund und Edgar gleich nach ihrer Geburt. Somit l\u00e4\u00dft sich das Bild um den 29\/30.11.1937 datieren.<br \/>\nIm Hintergrund sieht man noch Oma Elisabeth<\/p>\n<p>Details<\/p>\n<p>Datum : etwa 29.11.1937<br \/>\n\tStichwort: Familie, Kindheit<\/p>\n<p><a href=\"\"><\/p>\n<p><img decoding=\"async\" src=\"https:\/\/reimund.pressler-online.de\/wp-content\/uploads\/2022\/03\/Papa_Mama_Verlobung_gallery.jpg\" \/><\/p>\n<p>Verlobung<br \/>\nMeine Eltern am Tag ihrer Verlobung<\/p>\n<p><\/a><br \/>\n\t\t\t\t\t\tVerlobung<\/p>\n<p>Beschreibung<\/p>\n<p>Das Bild zeigt meine Eltern am Tag ihrer Verlobung im Elternhaus meiner Mutter &#8211; bei Jung-Diefenbachs in der Wendelinusstra\u00dfe. Das Datum ist mir leider nicht bekannt. Sollte es zuf\u00e4llig jemand wissen, w\u00e4re ich \u00fcber die Information sehr Dankbar<\/p>\n<p>Details<\/p>\n<p>Datum : unbekannt<br \/>\n\tStichwort: Familie<\/p>\n<p><a href=\"\"><\/p>\n<p><img decoding=\"async\" src=\"https:\/\/reimund.pressler-online.de\/wp-content\/uploads\/2022\/03\/Reimund_Klassenfoto_gallery.jpg\" \/><\/p>\n<p>Klassenfoto<\/p>\n<p><\/a><br \/>\n\t\t\t\t\t\tKlassenfoto<\/p>\n<p>Beschreibung<\/p>\n<p>Klassenfotos gab es auch schon fr\u00fcher und an der From und Art hat sich bis heute nichts ge\u00e4ndert. Datum ist mir hier leider nicht bekannt, m\u00fcsste aber so um 1944 sein. Wer genau hinschaut erkennt sicherlich noch das eine oder andere bekannte Gesicht.<\/p>\n<p>Details<\/p>\n<p>Datum : um 1944<br \/>\n\tStichwort: Kindheit<\/p>\n<p><a href=\"\"><\/p>\n<p><img decoding=\"async\" src=\"https:\/\/reimund.pressler-online.de\/wp-content\/uploads\/2022\/03\/kinderbilder-er-10-1938_gallery.jpg\" \/><\/p>\n<p>Kindheit (Gallery)<br \/>\nFotosammlung mit Bildern aus Reimunds Kindheit<\/p>\n<p><\/a><br \/>\n\t\t\t\t\t\tKindheit (Gallery)<\/p>\n<p>Beschreibung<\/p>\n<p>Die folgende Fotosammlung zeigt die Kindheit von Reimund. Und wie das so als Zwilling ist, gibt es ihn selten alleine. Auf den meisten Fotos ist er mit seinem Zwillingsbruder Edgar zu sehen.<\/p>\n<p><a href=\"\"><\/p>\n<p><img decoding=\"async\" src=\"https:\/\/reimund.pressler-online.de\/wp-content\/uploads\/2022\/03\/edgar-reimund-01_gallery.jpg\" \/><\/p>\n<p>Familienfoto<br \/>\nDas einzige Bild auf dem die ganze Familie abgebildet ist<\/p>\n<p><\/a><br \/>\n\t\t\t\t\t\tFamilienfoto<\/p>\n<p>Beschreibung<\/p>\n<p>Das einzige mir bekannte Foto, auf dem Eltern und alle sieben Geschwister abgebildet sind. Mit Reimund ist nun auch der Letzte seiner Generation verstorben.<br \/>\nVon links:<br \/>\nMaja, Lucie, Reimund, Oma Elisabeth, Elisabeth, Opa Georg, Edgar, Katha, Georg<\/p>\n<p>Details<\/p>\n<p>Datum : muss vor 1963 aufgenommen sein.<br \/>\n\tStichwort: Familie<\/p>\n<p><a href=\"\"><\/p>\n<p><img decoding=\"async\" src=\"https:\/\/reimund.pressler-online.de\/wp-content\/uploads\/2022\/03\/reimund-40_gallery.jpg\" \/><\/p>\n<p>Die 50er<br \/>\nBildersammlung durch die 50er<\/p>\n<p><\/a><br \/>\n\t\t\t\t\t\tDie 50er<\/p>\n<p>Beschreibung<\/p>\n<p>Ja, auch unsere Eltern waren ein mal jung. Hier eine kleine Auswahl von Bildern aus den 50er.Alles mit etwas mehr Stil wie heute &#8211; wenn ich mir die Fotos so betrachte.<\/p>\n<p><a href=\"\"><\/p>\n<p><img decoding=\"async\" src=\"https:\/\/reimund.pressler-online.de\/wp-content\/uploads\/2022\/03\/hochzeit-reimund-06_gallery.jpg\" \/><\/p>\n<p>Hochzeit<br \/>\nEine kleine Fotosammlung der Hochzeit meiner Eltern<\/p>\n<p><\/a><br \/>\n\t\t\t\t\t\tHochzeit<\/p>\n<p>Beschreibung<\/p>\n<p>Auf Peter und Paul am 29. Juni 1963 l\u00e4uteten f\u00fcr meine Eltern die Hochzeitsglocken. Auch wenn &#8222;Peter und Paul&#8220; 1977 als Feiertag abgeschafft wurde, war das so oft bei uns zu Hause Thema, das ich das Datum heute noch ohne gro\u00df zu \u00fcberlegen aufsagen kann.<br \/>\nEin ganz besonderer Tag f\u00fcr meine Eltern. <\/p>\n","protected":false},"excerpt":{"rendered":"<p class=\"excerpt\">Unvergessen * 29.11.1937 \u2020 24.03.2022 Erinnerungen Stationen eines Lebens Dieser Abschnitt wird mit der Zeit mit Bildern und Erinnerungen erg\u00e4nzt. Erstes Foto Das erste Foto von Reimund und Edgar Erstes Foto Beschreibung Das ist das fr\u00fcheste Foto von Reimund und Edgar gleich nach ihrer Geburt. Somit l\u00e4\u00dft sich das Bild um den 29\/30.11.1937 datieren. Im [&hellip;]<\/p>\n","protected":false},"author":1,"featured_media":0,"parent":0,"menu_order":0,"comment_status":"closed","ping_status":"closed","template":"builder.php","meta":{"footnotes":""},"class_list":["post-63","page","type-page","status-publish","hentry"],"_links":{"self":[{"href":"https:\/\/reimund.pressler-online.de\/index.php\/wp-json\/wp\/v2\/pages\/63","targetHints":{"allow":["GET"]}}],"collection":[{"href":"https:\/\/reimund.pressler-online.de\/index.php\/wp-json\/wp\/v2\/pages"}],"about":[{"href":"https:\/\/reimund.pressler-online.de\/index.php\/wp-json\/wp\/v2\/types\/page"}],"author":[{"embeddable":true,"href":"https:\/\/reimund.pressler-online.de\/index.php\/wp-json\/wp\/v2\/users\/1"}],"replies":[{"embeddable":true,"href":"https:\/\/reimund.pressler-online.de\/index.php\/wp-json\/wp\/v2\/comments?post=63"}],"version-history":[{"count":30,"href":"https:\/\/reimund.pressler-online.de\/index.php\/wp-json\/wp\/v2\/pages\/63\/revisions"}],"predecessor-version":[{"id":267,"href":"https:\/\/reimund.pressler-online.de\/index.php\/wp-json\/wp\/v2\/pages\/63\/revisions\/267"}],"wp:attachment":[{"href":"https:\/\/reimund.pressler-online.de\/index.php\/wp-json\/wp\/v2\/media?parent=63"}],"curies":[{"name":"wp","href":"https:\/\/api.w.org\/{rel}","templated":true}]}}